{"id":18115,"date":"2022-11-01T14:16:02","date_gmt":"2022-11-01T13:16:02","guid":{"rendered":"https:\/\/www.30mhz.com\/?page_id=18115"},"modified":"2022-11-10T12:54:57","modified_gmt":"2022-11-10T11:54:57","slug":"irrigation-management-app-4","status":"publish","type":"page","link":"https:\/\/30mhz.com\/es\/irrigation-management-app-4\/","title":{"rendered":"Irrigation Management App &#8211; Parte 4"},"content":{"rendered":"<p><img decoding=\"async\" loading=\"lazy\" class=\"alignnone size-full wp-image-18084\" src=\"https:\/\/30mhz.com\/wp-content\/uploads\/2022\/11\/Header-email.png\" alt=\"\" width=\"1200\" height=\"200\" srcset=\"https:\/\/30mhz.com\/wp-content\/uploads\/2022\/11\/Header-email.png 1200w, https:\/\/30mhz.com\/wp-content\/uploads\/2022\/11\/Header-email-300x50.png 300w, https:\/\/30mhz.com\/wp-content\/uploads\/2022\/11\/Header-email-1024x171.png 1024w, https:\/\/30mhz.com\/wp-content\/uploads\/2022\/11\/Header-email-768x128.png 768w, https:\/\/30mhz.com\/wp-content\/uploads\/2022\/11\/Header-email-175x29.png 175w, https:\/\/30mhz.com\/wp-content\/uploads\/2022\/11\/Header-email-350x58.png 350w, https:\/\/30mhz.com\/wp-content\/uploads\/2022\/11\/Header-email-700x117.png 700w\" sizes=\"(max-width: 1200px) 100vw, 1200px\" \/><br \/>\n<span style=\"font-weight: 400;\">En este cuarto y \u00faltimo correo electr\u00f3nico enumeramos todas las posibilidades y beneficios de la App de Gesti\u00f3n de Riego para ti. En los \u00faltimos tres correos, hemos destacado los siguientes temas: establecer alertas, agregar valores de umbral, agregar informaci\u00f3n con hojas de registro, informaci\u00f3n sobre el consumo de agua, agregar comentarios y compartir alertas con colegas.<\/span><\/p>\n<p>En este correo electr\u00f3nico enumeramos 1x las cosas m\u00e1s importantes:<\/p>\n<h2>VWC<\/h2>\n<p><img decoding=\"async\" loading=\"lazy\" class=\"alignnone size-full wp-image-18080\" src=\"https:\/\/30mhz.com\/wp-content\/uploads\/2022\/11\/Figura-2-1200px-new.png\" alt=\"\" width=\"1200\" height=\"618\" srcset=\"https:\/\/30mhz.com\/wp-content\/uploads\/2022\/11\/Figura-2-1200px-new.png 1200w, https:\/\/30mhz.com\/wp-content\/uploads\/2022\/11\/Figura-2-1200px-new-300x155.png 300w, https:\/\/30mhz.com\/wp-content\/uploads\/2022\/11\/Figura-2-1200px-new-1024x527.png 1024w, https:\/\/30mhz.com\/wp-content\/uploads\/2022\/11\/Figura-2-1200px-new-768x396.png 768w, https:\/\/30mhz.com\/wp-content\/uploads\/2022\/11\/Figura-2-1200px-new-175x90.png 175w, https:\/\/30mhz.com\/wp-content\/uploads\/2022\/11\/Figura-2-1200px-new-350x180.png 350w, https:\/\/30mhz.com\/wp-content\/uploads\/2022\/11\/Figura-2-1200px-new-700x361.png 700w\" sizes=\"(max-width: 1200px) 100vw, 1200px\" \/><br \/>\n\u00bfCu\u00e1nta humedad tienen las plantas a su disposici\u00f3n? De un vistazo, puedes ver esto 24\/7. A simple vista puedes ver si ya tienes que regar o si tienes que esperar un rato.<\/p>\n<p>Puede ver el VWC movi\u00e9ndose, idealmente entre el ancho de banda m\u00ednimo y m\u00e1ximo con el MAD como l\u00ednea de referencia, cuando deber\u00eda comenzar el riego.<\/p>\n<h2>EC<\/h2>\n<p>Supervise los valores de EC en su suelo o sustrato y vigile si se mantiene estable o se desv\u00eda de forma no deseada.<\/p>\n<h2>Cantidad de agua<\/h2>\n<p><img decoding=\"async\" loading=\"lazy\" class=\"alignnone size-full wp-image-18100\" src=\"https:\/\/30mhz.com\/wp-content\/uploads\/2022\/11\/Water-administration-ES.png\" alt=\"\" width=\"1082\" height=\"555\" srcset=\"https:\/\/30mhz.com\/wp-content\/uploads\/2022\/11\/Water-administration-ES.png 1082w, https:\/\/30mhz.com\/wp-content\/uploads\/2022\/11\/Water-administration-ES-300x154.png 300w, https:\/\/30mhz.com\/wp-content\/uploads\/2022\/11\/Water-administration-ES-1024x525.png 1024w, https:\/\/30mhz.com\/wp-content\/uploads\/2022\/11\/Water-administration-ES-768x394.png 768w, https:\/\/30mhz.com\/wp-content\/uploads\/2022\/11\/Water-administration-ES-175x90.png 175w, https:\/\/30mhz.com\/wp-content\/uploads\/2022\/11\/Water-administration-ES-350x180.png 350w, https:\/\/30mhz.com\/wp-content\/uploads\/2022\/11\/Water-administration-ES-700x359.png 700w\" sizes=\"(max-width: 1082px) 100vw, 1082px\" \/><br \/>\nPuede leer exactamente cu\u00e1nta agua ha dado y c\u00f3mo se compara con la cantidad estimada. Tambi\u00e9n es bueno que pueda leer en litros por metro cuadrado o la cantidad total en metros c\u00fabicos.<\/p>\n<h2><strong>Indicador de<\/strong> <strong>estr\u00e9s<\/strong><\/h2>\n<p>Muestra cu\u00e1nto estr\u00e9s ha tenido la planta porque se han tocado o excedido los umbrales m\u00ednimos o m\u00e1ximos.<\/p>\n<h2>Hojas de registro<\/h2>\n<p>Al registrar el consumo de agua aqu\u00ed a diario, construye una valiosa base de datos, que le brinda informaci\u00f3n sobre c\u00f3mo se desempe\u00f1a en comparaci\u00f3n con los per\u00edodos anteriores despu\u00e9s de solo unas pocas semanas.<\/p>\n<h2>Alertas<\/h2>\n<p><img decoding=\"async\" loading=\"lazy\" class=\"alignnone size-full wp-image-18116\" src=\"https:\/\/30mhz.com\/wp-content\/uploads\/2022\/11\/Alertas-Irrigation.png\" alt=\"\" width=\"1026\" height=\"414\" srcset=\"https:\/\/30mhz.com\/wp-content\/uploads\/2022\/11\/Alertas-Irrigation.png 1026w, https:\/\/30mhz.com\/wp-content\/uploads\/2022\/11\/Alertas-Irrigation-300x121.png 300w, https:\/\/30mhz.com\/wp-content\/uploads\/2022\/11\/Alertas-Irrigation-1024x413.png 1024w, https:\/\/30mhz.com\/wp-content\/uploads\/2022\/11\/Alertas-Irrigation-768x310.png 768w, https:\/\/30mhz.com\/wp-content\/uploads\/2022\/11\/Alertas-Irrigation-175x71.png 175w, https:\/\/30mhz.com\/wp-content\/uploads\/2022\/11\/Alertas-Irrigation-350x141.png 350w, https:\/\/30mhz.com\/wp-content\/uploads\/2022\/11\/Alertas-Irrigation-700x282.png 700w\" sizes=\"(max-width: 1026px) 100vw, 1026px\" \/><br \/>\nEn la aplicaci\u00f3n puede configurar f\u00e1cilmente diferentes alertas y tambi\u00e9n compartirlas con colegas. Tan pronto como se alcance un umbral, usted y sus colegas recibir\u00e1n un mensaje, en el que pueden tomar medidas.<\/p>\n<p>Eche un vistazo a el video cortos a continuaci\u00f3n y determine si realmente saca el m\u00e1ximo provecho de la aplicaci\u00f3n.<\/p>\n<p><a class=\"cta-button blue\" href=\"https:\/\/30mhz.com\/wp-content\/uploads\/2022\/10\/Onboarding-tutorial-IMA-ES.mp4\" target=\"new\" rel=\"noopener\">Ver el v\u00eddeo<\/a><\/p>\n","protected":false},"excerpt":{"rendered":"<p>En este cuarto y \u00faltimo correo electr\u00f3nico enumeramos todas las posibilidades y beneficios de la App de Gesti\u00f3n de Riego para ti. En los \u00faltimos tres correos, hemos destacado los siguientes temas: establecer alertas, agregar valores de umbral, agregar informaci\u00f3n con hojas de registro, informaci\u00f3n sobre el consumo de agua, agregar comentarios y compartir alertas &#8230;<\/p>\n","protected":false},"author":1,"featured_media":0,"parent":0,"menu_order":0,"comment_status":"closed","ping_status":"closed","template":"","meta":{"content-type":""},"acf":[],"yoast_head":"<!-- This site is optimized with the Yoast SEO plugin v20.2.1 - https:\/\/yoast.com\/wordpress\/plugins\/seo\/ -->\n<title>Irrigation Management App - Parte 4 - 30MHz<\/title>\n<meta name=\"robots\" content=\"index, follow, max-snippet:-1, max-image-preview:large, max-video-preview:-1\" \/>\n<link rel=\"canonical\" href=\"https:\/\/30mhz.com\/es\/irrigation-management-app-4\/\" \/>\n<meta property=\"og:locale\" content=\"es_ES\" \/>\n<meta property=\"og:type\" content=\"article\" \/>\n<meta property=\"og:title\" content=\"Irrigation Management App - Parte 4 - 30MHz\" \/>\n<meta property=\"og:description\" content=\"En este cuarto y \u00faltimo correo electr\u00f3nico enumeramos todas las posibilidades y beneficios de la App de Gesti\u00f3n de Riego para ti. En los \u00faltimos tres correos, hemos destacado los siguientes temas: establecer alertas, agregar valores de umbral, agregar informaci\u00f3n con hojas de registro, informaci\u00f3n sobre el consumo de agua, agregar comentarios y compartir alertas ...\" \/>\n<meta property=\"og:url\" content=\"https:\/\/30mhz.com\/es\/irrigation-management-app-4\/\" \/>\n<meta property=\"og:site_name\" content=\"30MHz\" \/>\n<meta property=\"article:modified_time\" content=\"2022-11-10T11:54:57+00:00\" \/>\n<meta property=\"og:image\" content=\"https:\/\/30mhz.com\/wp-content\/uploads\/2022\/11\/Header-email.png\" \/>\n<meta name=\"twitter:card\" content=\"summary_large_image\" \/>\n<meta name=\"twitter:label1\" content=\"Tiempo de lectura\" \/>\n\t<meta name=\"twitter:data1\" content=\"2 minutos\" \/>\n<script type=\"application\/ld+json\" class=\"yoast-schema-graph\">{\"@context\":\"https:\/\/schema.org\",\"@graph\":[{\"@type\":\"WebPage\",\"@id\":\"https:\/\/30mhz.com\/es\/irrigation-management-app-4\/\",\"url\":\"https:\/\/30mhz.com\/es\/irrigation-management-app-4\/\",\"name\":\"Irrigation Management App - Parte 4 - 30MHz\",\"isPartOf\":{\"@id\":\"https:\/\/30mhz.com\/#website\"},\"datePublished\":\"2022-11-01T13:16:02+00:00\",\"dateModified\":\"2022-11-10T11:54:57+00:00\",\"breadcrumb\":{\"@id\":\"https:\/\/30mhz.com\/es\/irrigation-management-app-4\/#breadcrumb\"},\"inLanguage\":\"es\",\"potentialAction\":[{\"@type\":\"ReadAction\",\"target\":[\"https:\/\/30mhz.com\/es\/irrigation-management-app-4\/\"]}]},{\"@type\":\"BreadcrumbList\",\"@id\":\"https:\/\/30mhz.com\/es\/irrigation-management-app-4\/#breadcrumb\",\"itemListElement\":[{\"@type\":\"ListItem\",\"position\":1,\"name\":\"Home\",\"item\":\"https:\/\/30mhz.com\/es\/\"},{\"@type\":\"ListItem\",\"position\":2,\"name\":\"Irrigation Management App &#8211; Parte 4\"}]},{\"@type\":\"WebSite\",\"@id\":\"https:\/\/30mhz.com\/#website\",\"url\":\"https:\/\/30mhz.com\/\",\"name\":\"30MHz\",\"description\":\"The data platform for horticulture | Sense. Act. Impact.\",\"potentialAction\":[{\"@type\":\"SearchAction\",\"target\":{\"@type\":\"EntryPoint\",\"urlTemplate\":\"https:\/\/30mhz.com\/?s={search_term_string}\"},\"query-input\":\"required name=search_term_string\"}],\"inLanguage\":\"es\"}]}<\/script>\n<!-- \/ Yoast SEO plugin. -->","yoast_head_json":{"title":"Irrigation Management App - Parte 4 - 30MHz","robots":{"index":"index","follow":"follow","max-snippet":"max-snippet:-1","max-image-preview":"max-image-preview:large","max-video-preview":"max-video-preview:-1"},"canonical":"https:\/\/30mhz.com\/es\/irrigation-management-app-4\/","og_locale":"es_ES","og_type":"article","og_title":"Irrigation Management App - Parte 4 - 30MHz","og_description":"En este cuarto y \u00faltimo correo electr\u00f3nico enumeramos todas las posibilidades y beneficios de la App de Gesti\u00f3n de Riego para ti. En los \u00faltimos tres correos, hemos destacado los siguientes temas: establecer alertas, agregar valores de umbral, agregar informaci\u00f3n con hojas de registro, informaci\u00f3n sobre el consumo de agua, agregar comentarios y compartir alertas ...","og_url":"https:\/\/30mhz.com\/es\/irrigation-management-app-4\/","og_site_name":"30MHz","article_modified_time":"2022-11-10T11:54:57+00:00","og_image":[{"url":"https:\/\/30mhz.com\/wp-content\/uploads\/2022\/11\/Header-email.png"}],"twitter_card":"summary_large_image","twitter_misc":{"Tiempo de lectura":"2 minutos"},"schema":{"@context":"https:\/\/schema.org","@graph":[{"@type":"WebPage","@id":"https:\/\/30mhz.com\/es\/irrigation-management-app-4\/","url":"https:\/\/30mhz.com\/es\/irrigation-management-app-4\/","name":"Irrigation Management App - Parte 4 - 30MHz","isPartOf":{"@id":"https:\/\/30mhz.com\/#website"},"datePublished":"2022-11-01T13:16:02+00:00","dateModified":"2022-11-10T11:54:57+00:00","breadcrumb":{"@id":"https:\/\/30mhz.com\/es\/irrigation-management-app-4\/#breadcrumb"},"inLanguage":"es","potentialAction":[{"@type":"ReadAction","target":["https:\/\/30mhz.com\/es\/irrigation-management-app-4\/"]}]},{"@type":"BreadcrumbList","@id":"https:\/\/30mhz.com\/es\/irrigation-management-app-4\/#breadcrumb","itemListElement":[{"@type":"ListItem","position":1,"name":"Home","item":"https:\/\/30mhz.com\/es\/"},{"@type":"ListItem","position":2,"name":"Irrigation Management App &#8211; Parte 4"}]},{"@type":"WebSite","@id":"https:\/\/30mhz.com\/#website","url":"https:\/\/30mhz.com\/","name":"30MHz","description":"The data platform for horticulture | Sense. Act. Impact.","potentialAction":[{"@type":"SearchAction","target":{"@type":"EntryPoint","urlTemplate":"https:\/\/30mhz.com\/?s={search_term_string}"},"query-input":"required name=search_term_string"}],"inLanguage":"es"}]}},"_links":{"self":[{"href":"https:\/\/30mhz.com\/es\/wp-json\/wp\/v2\/pages\/18115"}],"collection":[{"href":"https:\/\/30mhz.com\/es\/wp-json\/wp\/v2\/pages"}],"about":[{"href":"https:\/\/30mhz.com\/es\/wp-json\/wp\/v2\/types\/page"}],"author":[{"embeddable":true,"href":"https:\/\/30mhz.com\/es\/wp-json\/wp\/v2\/users\/1"}],"replies":[{"embeddable":true,"href":"https:\/\/30mhz.com\/es\/wp-json\/wp\/v2\/comments?post=18115"}],"version-history":[{"count":6,"href":"https:\/\/30mhz.com\/es\/wp-json\/wp\/v2\/pages\/18115\/revisions"}],"predecessor-version":[{"id":18209,"href":"https:\/\/30mhz.com\/es\/wp-json\/wp\/v2\/pages\/18115\/revisions\/18209"}],"wp:attachment":[{"href":"https:\/\/30mhz.com\/es\/wp-json\/wp\/v2\/media?parent=18115"}],"curies":[{"name":"wp","href":"https:\/\/api.w.org\/{rel}","templated":true}]}}