{"id":18088,"date":"2022-11-01T12:38:32","date_gmt":"2022-11-01T11:38:32","guid":{"rendered":"https:\/\/www.30mhz.com\/?page_id=18088"},"modified":"2022-11-10T12:53:03","modified_gmt":"2022-11-10T11:53:03","slug":"irrigation-management-app-2","status":"publish","type":"page","link":"https:\/\/30mhz.com\/es\/irrigation-management-app-2\/","title":{"rendered":"Irrigation Management App &#8211; Parte 2"},"content":{"rendered":"<p><img decoding=\"async\" loading=\"lazy\" src=\"https:\/\/30mhz.com\/wp-content\/uploads\/2022\/11\/Header-email.png\" alt=\"\" width=\"1200\" height=\"200\" class=\"alignnone size-full wp-image-18084\" srcset=\"https:\/\/30mhz.com\/wp-content\/uploads\/2022\/11\/Header-email.png 1200w, https:\/\/30mhz.com\/wp-content\/uploads\/2022\/11\/Header-email-300x50.png 300w, https:\/\/30mhz.com\/wp-content\/uploads\/2022\/11\/Header-email-1024x171.png 1024w, https:\/\/30mhz.com\/wp-content\/uploads\/2022\/11\/Header-email-768x128.png 768w, https:\/\/30mhz.com\/wp-content\/uploads\/2022\/11\/Header-email-175x29.png 175w, https:\/\/30mhz.com\/wp-content\/uploads\/2022\/11\/Header-email-350x58.png 350w, https:\/\/30mhz.com\/wp-content\/uploads\/2022\/11\/Header-email-700x117.png 700w\" sizes=\"(max-width: 1200px) 100vw, 1200px\" \/><br \/>\n<span style=\"font-weight: 400;\">La \u00faltima vez destacamos el indicador de estr\u00e9s, el tiempo ideal de riego, el gr\u00e1fico de l\u00edneas con los valores de umbral y el gr\u00e1fico de l\u00edneas con los valores de EC. Ahora hag\u00e1moslo un poco m\u00e1s pr\u00e1ctico.<\/span><br \/>\n<div id=\"attachment_18089\" style=\"width: 1210px\" class=\"wp-caption alignnone\"><img aria-describedby=\"caption-attachment-18089\" decoding=\"async\" loading=\"lazy\" src=\"https:\/\/30mhz.com\/wp-content\/uploads\/2022\/11\/Email-2-image-1.png\" alt=\"\" width=\"1200\" height=\"514\" class=\"size-full wp-image-18089\" srcset=\"https:\/\/30mhz.com\/wp-content\/uploads\/2022\/11\/Email-2-image-1.png 1200w, https:\/\/30mhz.com\/wp-content\/uploads\/2022\/11\/Email-2-image-1-300x129.png 300w, https:\/\/30mhz.com\/wp-content\/uploads\/2022\/11\/Email-2-image-1-1024x439.png 1024w, https:\/\/30mhz.com\/wp-content\/uploads\/2022\/11\/Email-2-image-1-768x329.png 768w, https:\/\/30mhz.com\/wp-content\/uploads\/2022\/11\/Email-2-image-1-175x75.png 175w, https:\/\/30mhz.com\/wp-content\/uploads\/2022\/11\/Email-2-image-1-350x150.png 350w, https:\/\/30mhz.com\/wp-content\/uploads\/2022\/11\/Email-2-image-1-700x300.png 700w\" sizes=\"(max-width: 1200px) 100vw, 1200px\" \/><p id=\"caption-attachment-18089\" class=\"wp-caption-text\">Figura 1<\/p><\/div><\/p>\n<p>Al hacer clic en el gr\u00e1fico de l\u00edneas y hacer clic en este gr\u00e1fico, se abre una pantalla de &#8220;explorador&#8221; donde puede profundizar en el asunto. Tambi\u00e9n puede agregar comentarios para usted o sus colegas. Incluso puede agregarle documentos. Muy \u00fatil para a\u00f1adir una nota en caso de desviaciones, como en condiciones clim\u00e1ticas extremas o porque se quiere probar con la cantidad de riego, por ejemplo.<br \/>\n\u00a0<br \/>\nEn esta pantalla puedes poner diferentes franjas horarias en una pantalla, que van desde &#8216;por mes&#8217; hasta &#8216;por minuto&#8217;. Por ejemplo, puede ampliar desde gr\u00e1ficos generales informativos hasta vistas muy detalladas, lo que puede ayudarlo a detectar desviaciones.<br \/>\n<div id=\"attachment_18092\" style=\"width: 612px\" class=\"wp-caption alignnone\"><img aria-describedby=\"caption-attachment-18092\" decoding=\"async\" loading=\"lazy\" src=\"https:\/\/30mhz.com\/wp-content\/uploads\/2022\/11\/Figura-2.png\" alt=\"\" width=\"602\" height=\"291\" class=\"size-full wp-image-18092\" srcset=\"https:\/\/30mhz.com\/wp-content\/uploads\/2022\/11\/Figura-2.png 602w, https:\/\/30mhz.com\/wp-content\/uploads\/2022\/11\/Figura-2-300x145.png 300w, https:\/\/30mhz.com\/wp-content\/uploads\/2022\/11\/Figura-2-175x85.png 175w, https:\/\/30mhz.com\/wp-content\/uploads\/2022\/11\/Figura-2-350x169.png 350w\" sizes=\"(max-width: 602px) 100vw, 602px\" \/><p id=\"caption-attachment-18092\" class=\"wp-caption-text\">Figura 2<\/p><\/div><\/p>\n<h2>Agregar alertas<\/h2>\n<p>Una de las opciones m\u00e1s utilizadas del Irrigation Management Kit son las alertas. Puede agregar f\u00e1cilmente estas alertas. Introduzca los umbrales que son importantes para usted y recibir\u00e1 un mensaje tan pronto como se alcancen esos valores. Puede tomar medidas inmediatas, como iniciar el riego. Tambi\u00e9n es \u00fatil que pueda agregar colegas usted mismo, que tambi\u00e9n reciben autom\u00e1ticamente los mensajes de alerta.<br \/>\n\u00a0<br \/>\nMira nuestro breve v\u00eddeo aqu\u00ed en el que mostramos brevemente lo que acabamos de describir en la app:<\/p>\n<p><a class=\"cta-button blue\" target=\"new\" href=\"https:\/\/30mhz.com\/wp-content\/uploads\/2022\/10\/Onboarding-tutorial-IMA-ES.mp4\" rel=\"noopener\">Ver el v\u00eddeo<\/a><\/p>\n<h2>\u00bfQuieres ayudarnos a mejorar a\u00fan m\u00e1s nuestros productos y servicios?<\/h2>\n<p>Todos los d\u00edas estamos en conversaci\u00f3n con productores de todo el mundo sobre sus necesidades. \u00bfC\u00f3mo puede 30MHz optimizar el cultivo con aplicaciones tecnol\u00f3gicas? \u00bfTe gustar\u00eda ayudarnos con eso respondiendo a las siguientes preguntas?<\/p>\n<p><a class=\"cta-button blue\" target=\"new\" href=\"https:\/\/us12.list-manage.com\/survey?u=34858f8b0cdb74ae1e90770d9&#038;id=bf764b65b3\" rel=\"noopener\">Encuesta<\/a><\/p>\n","protected":false},"excerpt":{"rendered":"<p>La \u00faltima vez destacamos el indicador de estr\u00e9s, el tiempo ideal de riego, el gr\u00e1fico de l\u00edneas con los valores de umbral y el gr\u00e1fico de l\u00edneas con los valores de EC. Ahora hag\u00e1moslo un poco m\u00e1s pr\u00e1ctico. Al hacer clic en el gr\u00e1fico de l\u00edneas y hacer clic en este gr\u00e1fico, se abre una &#8230;<\/p>\n","protected":false},"author":1,"featured_media":0,"parent":0,"menu_order":0,"comment_status":"closed","ping_status":"closed","template":"","meta":{"content-type":""},"acf":[],"yoast_head":"<!-- This site is optimized with the Yoast SEO plugin v20.2.1 - https:\/\/yoast.com\/wordpress\/plugins\/seo\/ -->\n<title>Irrigation Management App - Parte 2 - 30MHz<\/title>\n<meta name=\"robots\" content=\"index, follow, max-snippet:-1, max-image-preview:large, max-video-preview:-1\" \/>\n<link rel=\"canonical\" href=\"https:\/\/30mhz.com\/es\/irrigation-management-app-2\/\" \/>\n<meta property=\"og:locale\" content=\"es_ES\" \/>\n<meta property=\"og:type\" content=\"article\" \/>\n<meta property=\"og:title\" content=\"Irrigation Management App - Parte 2 - 30MHz\" \/>\n<meta property=\"og:description\" content=\"La \u00faltima vez destacamos el indicador de estr\u00e9s, el tiempo ideal de riego, el gr\u00e1fico de l\u00edneas con los valores de umbral y el gr\u00e1fico de l\u00edneas con los valores de EC. Ahora hag\u00e1moslo un poco m\u00e1s pr\u00e1ctico. Al hacer clic en el gr\u00e1fico de l\u00edneas y hacer clic en este gr\u00e1fico, se abre una ...\" \/>\n<meta property=\"og:url\" content=\"https:\/\/30mhz.com\/es\/irrigation-management-app-2\/\" \/>\n<meta property=\"og:site_name\" content=\"30MHz\" \/>\n<meta property=\"article:modified_time\" content=\"2022-11-10T11:53:03+00:00\" \/>\n<meta property=\"og:image\" content=\"https:\/\/30mhz.com\/wp-content\/uploads\/2022\/11\/Header-email.png\" \/>\n<meta name=\"twitter:card\" content=\"summary_large_image\" \/>\n<meta name=\"twitter:label1\" content=\"Tiempo de lectura\" \/>\n\t<meta name=\"twitter:data1\" content=\"2 minutos\" \/>\n<script type=\"application\/ld+json\" class=\"yoast-schema-graph\">{\"@context\":\"https:\/\/schema.org\",\"@graph\":[{\"@type\":\"WebPage\",\"@id\":\"https:\/\/30mhz.com\/es\/irrigation-management-app-2\/\",\"url\":\"https:\/\/30mhz.com\/es\/irrigation-management-app-2\/\",\"name\":\"Irrigation Management App - Parte 2 - 30MHz\",\"isPartOf\":{\"@id\":\"https:\/\/30mhz.com\/#website\"},\"datePublished\":\"2022-11-01T11:38:32+00:00\",\"dateModified\":\"2022-11-10T11:53:03+00:00\",\"breadcrumb\":{\"@id\":\"https:\/\/30mhz.com\/es\/irrigation-management-app-2\/#breadcrumb\"},\"inLanguage\":\"es\",\"potentialAction\":[{\"@type\":\"ReadAction\",\"target\":[\"https:\/\/30mhz.com\/es\/irrigation-management-app-2\/\"]}]},{\"@type\":\"BreadcrumbList\",\"@id\":\"https:\/\/30mhz.com\/es\/irrigation-management-app-2\/#breadcrumb\",\"itemListElement\":[{\"@type\":\"ListItem\",\"position\":1,\"name\":\"Home\",\"item\":\"https:\/\/30mhz.com\/es\/\"},{\"@type\":\"ListItem\",\"position\":2,\"name\":\"Irrigation Management App &#8211; Parte 2\"}]},{\"@type\":\"WebSite\",\"@id\":\"https:\/\/30mhz.com\/#website\",\"url\":\"https:\/\/30mhz.com\/\",\"name\":\"30MHz\",\"description\":\"The data platform for horticulture | Sense. Act. Impact.\",\"potentialAction\":[{\"@type\":\"SearchAction\",\"target\":{\"@type\":\"EntryPoint\",\"urlTemplate\":\"https:\/\/30mhz.com\/?s={search_term_string}\"},\"query-input\":\"required name=search_term_string\"}],\"inLanguage\":\"es\"}]}<\/script>\n<!-- \/ Yoast SEO plugin. -->","yoast_head_json":{"title":"Irrigation Management App - Parte 2 - 30MHz","robots":{"index":"index","follow":"follow","max-snippet":"max-snippet:-1","max-image-preview":"max-image-preview:large","max-video-preview":"max-video-preview:-1"},"canonical":"https:\/\/30mhz.com\/es\/irrigation-management-app-2\/","og_locale":"es_ES","og_type":"article","og_title":"Irrigation Management App - Parte 2 - 30MHz","og_description":"La \u00faltima vez destacamos el indicador de estr\u00e9s, el tiempo ideal de riego, el gr\u00e1fico de l\u00edneas con los valores de umbral y el gr\u00e1fico de l\u00edneas con los valores de EC. Ahora hag\u00e1moslo un poco m\u00e1s pr\u00e1ctico. Al hacer clic en el gr\u00e1fico de l\u00edneas y hacer clic en este gr\u00e1fico, se abre una ...","og_url":"https:\/\/30mhz.com\/es\/irrigation-management-app-2\/","og_site_name":"30MHz","article_modified_time":"2022-11-10T11:53:03+00:00","og_image":[{"url":"https:\/\/30mhz.com\/wp-content\/uploads\/2022\/11\/Header-email.png"}],"twitter_card":"summary_large_image","twitter_misc":{"Tiempo de lectura":"2 minutos"},"schema":{"@context":"https:\/\/schema.org","@graph":[{"@type":"WebPage","@id":"https:\/\/30mhz.com\/es\/irrigation-management-app-2\/","url":"https:\/\/30mhz.com\/es\/irrigation-management-app-2\/","name":"Irrigation Management App - Parte 2 - 30MHz","isPartOf":{"@id":"https:\/\/30mhz.com\/#website"},"datePublished":"2022-11-01T11:38:32+00:00","dateModified":"2022-11-10T11:53:03+00:00","breadcrumb":{"@id":"https:\/\/30mhz.com\/es\/irrigation-management-app-2\/#breadcrumb"},"inLanguage":"es","potentialAction":[{"@type":"ReadAction","target":["https:\/\/30mhz.com\/es\/irrigation-management-app-2\/"]}]},{"@type":"BreadcrumbList","@id":"https:\/\/30mhz.com\/es\/irrigation-management-app-2\/#breadcrumb","itemListElement":[{"@type":"ListItem","position":1,"name":"Home","item":"https:\/\/30mhz.com\/es\/"},{"@type":"ListItem","position":2,"name":"Irrigation Management App &#8211; Parte 2"}]},{"@type":"WebSite","@id":"https:\/\/30mhz.com\/#website","url":"https:\/\/30mhz.com\/","name":"30MHz","description":"The data platform for horticulture | Sense. Act. Impact.","potentialAction":[{"@type":"SearchAction","target":{"@type":"EntryPoint","urlTemplate":"https:\/\/30mhz.com\/?s={search_term_string}"},"query-input":"required name=search_term_string"}],"inLanguage":"es"}]}},"_links":{"self":[{"href":"https:\/\/30mhz.com\/es\/wp-json\/wp\/v2\/pages\/18088"}],"collection":[{"href":"https:\/\/30mhz.com\/es\/wp-json\/wp\/v2\/pages"}],"about":[{"href":"https:\/\/30mhz.com\/es\/wp-json\/wp\/v2\/types\/page"}],"author":[{"embeddable":true,"href":"https:\/\/30mhz.com\/es\/wp-json\/wp\/v2\/users\/1"}],"replies":[{"embeddable":true,"href":"https:\/\/30mhz.com\/es\/wp-json\/wp\/v2\/comments?post=18088"}],"version-history":[{"count":7,"href":"https:\/\/30mhz.com\/es\/wp-json\/wp\/v2\/pages\/18088\/revisions"}],"predecessor-version":[{"id":18207,"href":"https:\/\/30mhz.com\/es\/wp-json\/wp\/v2\/pages\/18088\/revisions\/18207"}],"wp:attachment":[{"href":"https:\/\/30mhz.com\/es\/wp-json\/wp\/v2\/media?parent=18088"}],"curies":[{"name":"wp","href":"https:\/\/api.w.org\/{rel}","templated":true}]}}