{"id":17454,"date":"2022-09-08T16:16:27","date_gmt":"2022-09-08T14:16:27","guid":{"rendered":"https:\/\/www.30mhz.com\/?page_id=17454"},"modified":"2022-09-15T13:09:40","modified_gmt":"2022-09-15T11:09:40","slug":"la-mision-de-30mhz","status":"publish","type":"page","link":"https:\/\/30mhz.com\/es\/empresa\/la-mision-de-30mhz\/","title":{"rendered":"La misi\u00f3n de 30MHz"},"content":{"rendered":"<p>30MHz est\u00e1 construyendo un mundo mejor mediante el desarrollo de soluciones para aplicaciones en la horticultura. Junto con todas las partes interesadas, se est\u00e1n buscando formas de optimizar los cultivos mediante un uso m\u00e1s eficiente del agua, los fertilizantes y la energ\u00eda, de modo que la creciente poblaci\u00f3n mundial pueda continuar aliment\u00e1ndose con productos agr\u00edcolas de alta calidad en el futuro. <\/p>\n","protected":false},"excerpt":{"rendered":"<p>30MHz est\u00e1 construyendo un mundo mejor mediante el desarrollo de soluciones para aplicaciones en la horticultura. Junto con todas las partes interesadas, se est\u00e1n buscando formas de optimizar los cultivos mediante un uso m\u00e1s eficiente del agua, los fertilizantes y la energ\u00eda, de modo que la creciente poblaci\u00f3n mundial pueda continuar aliment\u00e1ndose con productos agr\u00edcolas &#8230;<\/p>\n","protected":false},"author":1,"featured_media":0,"parent":16202,"menu_order":0,"comment_status":"closed","ping_status":"closed","template":"pages\/connectivity.php","meta":{"content-type":""},"acf":[],"yoast_head":"<!-- This site is optimized with the Yoast SEO plugin v20.2.1 - https:\/\/yoast.com\/wordpress\/plugins\/seo\/ -->\n<title>La misi\u00f3n de 30MHz - 30MHz<\/title>\n<meta name=\"robots\" content=\"index, follow, max-snippet:-1, max-image-preview:large, max-video-preview:-1\" \/>\n<link rel=\"canonical\" href=\"https:\/\/30mhz.com\/es\/empresa\/la-mision-de-30mhz\/\" \/>\n<meta property=\"og:locale\" content=\"es_ES\" \/>\n<meta property=\"og:type\" content=\"article\" \/>\n<meta property=\"og:title\" content=\"La misi\u00f3n de 30MHz - 30MHz\" \/>\n<meta property=\"og:description\" content=\"30MHz est\u00e1 construyendo un mundo mejor mediante el desarrollo de soluciones para aplicaciones en la horticultura. Junto con todas las partes interesadas, se est\u00e1n buscando formas de optimizar los cultivos mediante un uso m\u00e1s eficiente del agua, los fertilizantes y la energ\u00eda, de modo que la creciente poblaci\u00f3n mundial pueda continuar aliment\u00e1ndose con productos agr\u00edcolas ...\" \/>\n<meta property=\"og:url\" content=\"https:\/\/30mhz.com\/es\/empresa\/la-mision-de-30mhz\/\" \/>\n<meta property=\"og:site_name\" content=\"30MHz\" \/>\n<meta property=\"article:modified_time\" content=\"2022-09-15T11:09:40+00:00\" \/>\n<meta property=\"og:image\" content=\"https:\/\/30mhz.com\/wp-content\/uploads\/2025\/11\/Yoast-30MHz-fallback-image.png\" \/>\n\t<meta property=\"og:image:width\" content=\"1200\" \/>\n\t<meta property=\"og:image:height\" content=\"675\" \/>\n\t<meta property=\"og:image:type\" content=\"image\/png\" \/>\n<meta name=\"twitter:card\" content=\"summary_large_image\" \/>\n<script type=\"application\/ld+json\" class=\"yoast-schema-graph\">{\"@context\":\"https:\/\/schema.org\",\"@graph\":[{\"@type\":\"WebPage\",\"@id\":\"https:\/\/30mhz.com\/es\/empresa\/la-mision-de-30mhz\/\",\"url\":\"https:\/\/30mhz.com\/es\/empresa\/la-mision-de-30mhz\/\",\"name\":\"La misi\u00f3n de 30MHz - 30MHz\",\"isPartOf\":{\"@id\":\"https:\/\/30mhz.com\/#website\"},\"datePublished\":\"2022-09-08T14:16:27+00:00\",\"dateModified\":\"2022-09-15T11:09:40+00:00\",\"breadcrumb\":{\"@id\":\"https:\/\/30mhz.com\/es\/empresa\/la-mision-de-30mhz\/#breadcrumb\"},\"inLanguage\":\"es\",\"potentialAction\":[{\"@type\":\"ReadAction\",\"target\":[\"https:\/\/30mhz.com\/es\/empresa\/la-mision-de-30mhz\/\"]}]},{\"@type\":\"BreadcrumbList\",\"@id\":\"https:\/\/30mhz.com\/es\/empresa\/la-mision-de-30mhz\/#breadcrumb\",\"itemListElement\":[{\"@type\":\"ListItem\",\"position\":1,\"name\":\"Home\",\"item\":\"https:\/\/30mhz.com\/es\/\"},{\"@type\":\"ListItem\",\"position\":2,\"name\":\"Empresa\",\"item\":\"https:\/\/30mhz.com\/es\/empresa\/\"},{\"@type\":\"ListItem\",\"position\":3,\"name\":\"La misi\u00f3n de 30MHz\"}]},{\"@type\":\"WebSite\",\"@id\":\"https:\/\/30mhz.com\/#website\",\"url\":\"https:\/\/30mhz.com\/\",\"name\":\"30MHz\",\"description\":\"The data platform for horticulture | Sense. Act. Impact.\",\"potentialAction\":[{\"@type\":\"SearchAction\",\"target\":{\"@type\":\"EntryPoint\",\"urlTemplate\":\"https:\/\/30mhz.com\/?s={search_term_string}\"},\"query-input\":\"required name=search_term_string\"}],\"inLanguage\":\"es\"}]}<\/script>\n<!-- \/ Yoast SEO plugin. -->","yoast_head_json":{"title":"La misi\u00f3n de 30MHz - 30MHz","robots":{"index":"index","follow":"follow","max-snippet":"max-snippet:-1","max-image-preview":"max-image-preview:large","max-video-preview":"max-video-preview:-1"},"canonical":"https:\/\/30mhz.com\/es\/empresa\/la-mision-de-30mhz\/","og_locale":"es_ES","og_type":"article","og_title":"La misi\u00f3n de 30MHz - 30MHz","og_description":"30MHz est\u00e1 construyendo un mundo mejor mediante el desarrollo de soluciones para aplicaciones en la horticultura. Junto con todas las partes interesadas, se est\u00e1n buscando formas de optimizar los cultivos mediante un uso m\u00e1s eficiente del agua, los fertilizantes y la energ\u00eda, de modo que la creciente poblaci\u00f3n mundial pueda continuar aliment\u00e1ndose con productos agr\u00edcolas ...","og_url":"https:\/\/30mhz.com\/es\/empresa\/la-mision-de-30mhz\/","og_site_name":"30MHz","article_modified_time":"2022-09-15T11:09:40+00:00","og_image":[{"width":1200,"height":675,"url":"https:\/\/30mhz.com\/wp-content\/uploads\/2025\/11\/Yoast-30MHz-fallback-image.png","type":"image\/png"}],"twitter_card":"summary_large_image","schema":{"@context":"https:\/\/schema.org","@graph":[{"@type":"WebPage","@id":"https:\/\/30mhz.com\/es\/empresa\/la-mision-de-30mhz\/","url":"https:\/\/30mhz.com\/es\/empresa\/la-mision-de-30mhz\/","name":"La misi\u00f3n de 30MHz - 30MHz","isPartOf":{"@id":"https:\/\/30mhz.com\/#website"},"datePublished":"2022-09-08T14:16:27+00:00","dateModified":"2022-09-15T11:09:40+00:00","breadcrumb":{"@id":"https:\/\/30mhz.com\/es\/empresa\/la-mision-de-30mhz\/#breadcrumb"},"inLanguage":"es","potentialAction":[{"@type":"ReadAction","target":["https:\/\/30mhz.com\/es\/empresa\/la-mision-de-30mhz\/"]}]},{"@type":"BreadcrumbList","@id":"https:\/\/30mhz.com\/es\/empresa\/la-mision-de-30mhz\/#breadcrumb","itemListElement":[{"@type":"ListItem","position":1,"name":"Home","item":"https:\/\/30mhz.com\/es\/"},{"@type":"ListItem","position":2,"name":"Empresa","item":"https:\/\/30mhz.com\/es\/empresa\/"},{"@type":"ListItem","position":3,"name":"La misi\u00f3n de 30MHz"}]},{"@type":"WebSite","@id":"https:\/\/30mhz.com\/#website","url":"https:\/\/30mhz.com\/","name":"30MHz","description":"The data platform for horticulture | Sense. Act. Impact.","potentialAction":[{"@type":"SearchAction","target":{"@type":"EntryPoint","urlTemplate":"https:\/\/30mhz.com\/?s={search_term_string}"},"query-input":"required name=search_term_string"}],"inLanguage":"es"}]}},"_links":{"self":[{"href":"https:\/\/30mhz.com\/es\/wp-json\/wp\/v2\/pages\/17454"}],"collection":[{"href":"https:\/\/30mhz.com\/es\/wp-json\/wp\/v2\/pages"}],"about":[{"href":"https:\/\/30mhz.com\/es\/wp-json\/wp\/v2\/types\/page"}],"author":[{"embeddable":true,"href":"https:\/\/30mhz.com\/es\/wp-json\/wp\/v2\/users\/1"}],"replies":[{"embeddable":true,"href":"https:\/\/30mhz.com\/es\/wp-json\/wp\/v2\/comments?post=17454"}],"version-history":[{"count":3,"href":"https:\/\/30mhz.com\/es\/wp-json\/wp\/v2\/pages\/17454\/revisions"}],"predecessor-version":[{"id":17575,"href":"https:\/\/30mhz.com\/es\/wp-json\/wp\/v2\/pages\/17454\/revisions\/17575"}],"up":[{"embeddable":true,"href":"https:\/\/30mhz.com\/es\/wp-json\/wp\/v2\/pages\/16202"}],"wp:attachment":[{"href":"https:\/\/30mhz.com\/es\/wp-json\/wp\/v2\/media?parent=17454"}],"curies":[{"name":"wp","href":"https:\/\/api.w.org\/{rel}","templated":true}]}}